{"id":258,"date":"2018-01-22T10:17:40","date_gmt":"2018-01-22T14:17:40","guid":{"rendered":"http:\/\/ayuntamiento.o\/transparencia\/?page_id=258"},"modified":"2025-07-08T10:11:28","modified_gmt":"2025-07-08T14:11:28","slug":"responsable-de-acceso-a-la-informacion","status":"publish","type":"page","link":"https:\/\/ayuntamientolasmatasdesantacruz.gob.do\/transparencia\/definicion-oaim-oficina-de-acceso-a-la-informacion-municipal\/responsable-de-acceso-a-la-informacion\/","title":{"rendered":"Responsable de Acceso a la Informaci\u00f3n"},"content":{"rendered":"<p class=\"paragraph ng-attr-widget\"><strong>Sebasti\u00e1n Contreras<\/strong><\/p>\n<p class=\"paragraph ng-attr-widget\">Tel.: 809-579-1356, Ext. 609<\/p>\n<p>Correo Gmail:<\/p>\n<div class=\"VoqD8\">\n<div class=\"eYSAde\">ayuntamientolasmatas24@gmail.com<\/div>\n<\/div>\n<p>Calle M\u00e1ximo G\u00f3mez N\u00fam.. 27 , Las Matas De Santa Cruz, Montecristi, Rep.Dom.<\/p>\n\n\n\n\n<figure class=\"wp-block-image size-large\"><img loading=\"lazy\" width=\"700\" height=\"527\" src=\"https:\/\/ayuntamientolasmatasdesantacruz.gob.do\/transparencia\/wp-content\/uploads\/2025\/07\/68778b21-ed48-4f1e-aa3f-b06392eeb504-2-700x527.jpg\" alt=\"\" class=\"wp-image-1318\" srcset=\"https:\/\/ayuntamientolasmatasdesantacruz.gob.do\/transparencia\/wp-content\/uploads\/2025\/07\/68778b21-ed48-4f1e-aa3f-b06392eeb504-2-700x527.jpg 700w, https:\/\/ayuntamientolasmatasdesantacruz.gob.do\/transparencia\/wp-content\/uploads\/2025\/07\/68778b21-ed48-4f1e-aa3f-b06392eeb504-2-250x188.jpg 250w, https:\/\/ayuntamientolasmatasdesantacruz.gob.do\/transparencia\/wp-content\/uploads\/2025\/07\/68778b21-ed48-4f1e-aa3f-b06392eeb504-2-768x578.jpg 768w, https:\/\/ayuntamientolasmatasdesantacruz.gob.do\/transparencia\/wp-content\/uploads\/2025\/07\/68778b21-ed48-4f1e-aa3f-b06392eeb504-2-1536x1157.jpg 1536w, https:\/\/ayuntamientolasmatasdesantacruz.gob.do\/transparencia\/wp-content\/uploads\/2025\/07\/68778b21-ed48-4f1e-aa3f-b06392eeb504-2-2048x1542.jpg 2048w, https:\/\/ayuntamientolasmatasdesantacruz.gob.do\/transparencia\/wp-content\/uploads\/2025\/07\/68778b21-ed48-4f1e-aa3f-b06392eeb504-2-120x90.jpg 120w\" sizes=\"(max-width: 700px) 100vw, 700px\" \/><\/figure>\n\n\n\n<figure class=\"wp-block-image size-large\"><img loading=\"lazy\" width=\"700\" height=\"930\" src=\"https:\/\/ayuntamientolasmatasdesantacruz.gob.do\/transparencia\/wp-content\/uploads\/2025\/07\/64f0b032-ccfd-44ab-8485-645169934910-1-700x930.jpg\" alt=\"\" class=\"wp-image-1320\" srcset=\"https:\/\/ayuntamientolasmatasdesantacruz.gob.do\/transparencia\/wp-content\/uploads\/2025\/07\/64f0b032-ccfd-44ab-8485-645169934910-1-700x930.jpg 700w, https:\/\/ayuntamientolasmatasdesantacruz.gob.do\/transparencia\/wp-content\/uploads\/2025\/07\/64f0b032-ccfd-44ab-8485-645169934910-1-250x332.jpg 250w, https:\/\/ayuntamientolasmatasdesantacruz.gob.do\/transparencia\/wp-content\/uploads\/2025\/07\/64f0b032-ccfd-44ab-8485-645169934910-1-768x1020.jpg 768w, https:\/\/ayuntamientolasmatasdesantacruz.gob.do\/transparencia\/wp-content\/uploads\/2025\/07\/64f0b032-ccfd-44ab-8485-645169934910-1-1157x1536.jpg 1157w, https:\/\/ayuntamientolasmatasdesantacruz.gob.do\/transparencia\/wp-content\/uploads\/2025\/07\/64f0b032-ccfd-44ab-8485-645169934910-1-1542x2048.jpg 1542w, https:\/\/ayuntamientolasmatasdesantacruz.gob.do\/transparencia\/wp-content\/uploads\/2025\/07\/64f0b032-ccfd-44ab-8485-645169934910-1-120x159.jpg 120w, https:\/\/ayuntamientolasmatasdesantacruz.gob.do\/transparencia\/wp-content\/uploads\/2025\/07\/64f0b032-ccfd-44ab-8485-645169934910-1-scaled.jpg 1928w\" sizes=\"(max-width: 700px) 100vw, 700px\" \/><\/figure>\n\n\n\n<figure class=\"wp-block-image size-large\"><img loading=\"lazy\" width=\"700\" height=\"527\" src=\"https:\/\/ayuntamientolasmatasdesantacruz.gob.do\/transparencia\/wp-content\/uploads\/2025\/07\/403e1b1b-91fa-4870-889d-0157e9741f4e-1-700x527.jpg\" alt=\"\" class=\"wp-image-1321\" srcset=\"https:\/\/ayuntamientolasmatasdesantacruz.gob.do\/transparencia\/wp-content\/uploads\/2025\/07\/403e1b1b-91fa-4870-889d-0157e9741f4e-1-700x527.jpg 700w, https:\/\/ayuntamientolasmatasdesantacruz.gob.do\/transparencia\/wp-content\/uploads\/2025\/07\/403e1b1b-91fa-4870-889d-0157e9741f4e-1-250x188.jpg 250w, https:\/\/ayuntamientolasmatasdesantacruz.gob.do\/transparencia\/wp-content\/uploads\/2025\/07\/403e1b1b-91fa-4870-889d-0157e9741f4e-1-768x578.jpg 768w, https:\/\/ayuntamientolasmatasdesantacruz.gob.do\/transparencia\/wp-content\/uploads\/2025\/07\/403e1b1b-91fa-4870-889d-0157e9741f4e-1-1536x1157.jpg 1536w, https:\/\/ayuntamientolasmatasdesantacruz.gob.do\/transparencia\/wp-content\/uploads\/2025\/07\/403e1b1b-91fa-4870-889d-0157e9741f4e-1-2048x1542.jpg 2048w, https:\/\/ayuntamientolasmatasdesantacruz.gob.do\/transparencia\/wp-content\/uploads\/2025\/07\/403e1b1b-91fa-4870-889d-0157e9741f4e-1-120x90.jpg 120w\" sizes=\"(max-width: 700px) 100vw, 700px\" \/><\/figure>\n\n\n\n<figure class=\"wp-block-image size-large\"><img loading=\"lazy\" width=\"700\" height=\"527\" src=\"https:\/\/ayuntamientolasmatasdesantacruz.gob.do\/transparencia\/wp-content\/uploads\/2025\/07\/d2fdfcad-b2fb-40ac-8540-7decbe6952c2-1-700x527.jpg\" alt=\"\" class=\"wp-image-1322\" srcset=\"https:\/\/ayuntamientolasmatasdesantacruz.gob.do\/transparencia\/wp-content\/uploads\/2025\/07\/d2fdfcad-b2fb-40ac-8540-7decbe6952c2-1-700x527.jpg 700w, https:\/\/ayuntamientolasmatasdesantacruz.gob.do\/transparencia\/wp-content\/uploads\/2025\/07\/d2fdfcad-b2fb-40ac-8540-7decbe6952c2-1-250x188.jpg 250w, https:\/\/ayuntamientolasmatasdesantacruz.gob.do\/transparencia\/wp-content\/uploads\/2025\/07\/d2fdfcad-b2fb-40ac-8540-7decbe6952c2-1-768x578.jpg 768w, https:\/\/ayuntamientolasmatasdesantacruz.gob.do\/transparencia\/wp-content\/uploads\/2025\/07\/d2fdfcad-b2fb-40ac-8540-7decbe6952c2-1-1536x1157.jpg 1536w, https:\/\/ayuntamientolasmatasdesantacruz.gob.do\/transparencia\/wp-content\/uploads\/2025\/07\/d2fdfcad-b2fb-40ac-8540-7decbe6952c2-1-2048x1542.jpg 2048w, https:\/\/ayuntamientolasmatasdesantacruz.gob.do\/transparencia\/wp-content\/uploads\/2025\/07\/d2fdfcad-b2fb-40ac-8540-7decbe6952c2-1-120x90.jpg 120w\" sizes=\"(max-width: 700px) 100vw, 700px\" \/><\/figure>\n","protected":false},"excerpt":{"rendered":"Sebasti\u00e1n Contreras Tel.: 809-579-1356, Ext. 609 Correo Gmail: ayuntamientolasmatas24@gmail.com Calle M\u00e1ximo G\u00f3mez N\u00fam.. 27 , Las Matas De Santa Cruz, Montecristi, Rep.Dom.","protected":false},"author":2,"featured_media":0,"parent":78,"menu_order":0,"comment_status":"closed","ping_status":"closed","template":"","meta":[],"_links":{"self":[{"href":"https:\/\/ayuntamientolasmatasdesantacruz.gob.do\/transparencia\/wp-json\/wp\/v2\/pages\/258"}],"collection":[{"href":"https:\/\/ayuntamientolasmatasdesantacruz.gob.do\/transparencia\/wp-json\/wp\/v2\/pages"}],"about":[{"href":"https:\/\/ayuntamientolasmatasdesantacruz.gob.do\/transparencia\/wp-json\/wp\/v2\/types\/page"}],"author":[{"embeddable":true,"href":"https:\/\/ayuntamientolasmatasdesantacruz.gob.do\/transparencia\/wp-json\/wp\/v2\/users\/2"}],"replies":[{"embeddable":true,"href":"https:\/\/ayuntamientolasmatasdesantacruz.gob.do\/transparencia\/wp-json\/wp\/v2\/comments?post=258"}],"version-history":[{"count":7,"href":"https:\/\/ayuntamientolasmatasdesantacruz.gob.do\/transparencia\/wp-json\/wp\/v2\/pages\/258\/revisions"}],"predecessor-version":[{"id":1323,"href":"https:\/\/ayuntamientolasmatasdesantacruz.gob.do\/transparencia\/wp-json\/wp\/v2\/pages\/258\/revisions\/1323"}],"up":[{"embeddable":true,"href":"https:\/\/ayuntamientolasmatasdesantacruz.gob.do\/transparencia\/wp-json\/wp\/v2\/pages\/78"}],"wp:attachment":[{"href":"https:\/\/ayuntamientolasmatasdesantacruz.gob.do\/transparencia\/wp-json\/wp\/v2\/media?parent=258"}],"curies":[{"name":"wp","href":"https:\/\/api.w.org\/{rel}","templated":true}]}}