{"id":335,"date":"2018-01-22T15:09:43","date_gmt":"2018-01-22T19:09:43","guid":{"rendered":"http:\/\/ayuntamiento.o\/transparencia\/?page_id=335"},"modified":"2024-07-16T11:10:27","modified_gmt":"2024-07-16T15:10:27","slug":"lista-de-proveedores","status":"publish","type":"page","link":"https:\/\/ayuntamientolasmatasdesantacruz.gob.do\/transparencia\/lista-de-proveedores\/","title":{"rendered":"Lista de proveedores"},"content":{"rendered":"<p><a href=\"http:\/\/ayuntamientolasmatasdesantacruz.gob.do\/transparencia\/wp-content\/uploads\/2022\/01\/Lista-De-Proveedores-de-compra.docx\">Lista De Proveedores de compra<\/a>.<\/p>\n<p><strong>Listado De Los Proveedor Compra De Nuestro Ayuntamiento.<\/strong><\/p>\n<table style=\"width: 100%;height: 394px\">\n<tbody>\n<tr style=\"height: 27px\">\n<td style=\"height: 27px;width: 40.8334%;text-align: center\" width=\"192\"><strong>Repuesto El Guacho S.R.L.<\/strong><\/td>\n<td style=\"height: 27px;width: 16.9047%;text-align: center\" width=\"192\"><strong>1322200934<\/strong><\/td>\n<td style=\"height: 27px;width: 41.5476%;text-align: center\" width=\"192\"><strong>Repuestos Variados.<\/strong><\/td>\n<\/tr>\n<tr style=\"height: 27px\">\n<td style=\"height: 27px;width: 40.8334%;text-align: center\" width=\"192\"><strong>Ferreter\u00eda G\u00f3mez Liquet S.R.L.<\/strong><\/td>\n<td style=\"height: 27px;width: 16.9047%;text-align: center\" width=\"192\"><strong>130176264<\/strong><\/td>\n<td style=\"height: 27px;width: 41.5476%;text-align: center\" width=\"192\"><strong>Materiales Ferreteros.<\/strong><\/td>\n<\/tr>\n<tr style=\"height: 27px\">\n<td style=\"height: 27px;width: 40.8334%;text-align: center\" width=\"192\"><strong>Servi-Compu HC<\/strong><\/td>\n<td style=\"height: 27px;width: 16.9047%;text-align: center\" width=\"192\"><strong>132154861<\/strong><\/td>\n<td style=\"height: 27px;width: 41.5476%;text-align: center\" width=\"192\"><strong>Art\u00edculos De Oficinas.<\/strong><\/td>\n<\/tr>\n<tr style=\"height: 27px\">\n<td style=\"height: 27px;width: 40.8334%;text-align: center\" width=\"192\"><strong>Funeraria Dominga R. Jorge.<\/strong><\/td>\n<td style=\"height: 27px;width: 16.9047%;text-align: center\" width=\"192\"><strong>11700018143<\/strong><\/td>\n<td style=\"height: 27px;width: 41.5476%;text-align: center\" width=\"192\"><strong>Servicios Funerarios.<\/strong><\/td>\n<\/tr>\n<tr style=\"height: 27px\">\n<td style=\"height: 27px;width: 40.8334%;text-align: center\" width=\"192\"><strong>Distribuidora Pailiza S.R.L.<\/strong><\/td>\n<td style=\"height: 27px;width: 16.9047%;text-align: center\" width=\"192\"><strong>130490996<\/strong><\/td>\n<td style=\"height: 27px;width: 41.5476%;text-align: center\" width=\"192\"><strong>Gas GLP<\/strong><\/td>\n<\/tr>\n<tr style=\"height: 27px\">\n<td style=\"height: 27px;width: 40.8334%;text-align: center\" width=\"192\"><strong>Agro Inversiones G\u00f3mez Liquet<\/strong><\/td>\n<td style=\"height: 27px;width: 16.9047%;text-align: center\" width=\"192\"><strong>130726035<\/strong><\/td>\n<td style=\"height: 27px;width: 41.5476%;text-align: center\" width=\"192\"><strong>Productos Qu\u00edmicos<\/strong><\/td>\n<\/tr>\n<tr style=\"height: 27px\">\n<td style=\"height: 27px;width: 40.8334%;text-align: center\" width=\"192\"><strong>Cazador Auto Servicios<\/strong><\/td>\n<td style=\"height: 27px;width: 16.9047%;text-align: center\" width=\"192\"><strong>130493456<\/strong><\/td>\n<td style=\"height: 27px;width: 41.5476%;text-align: center\" width=\"192\"><strong>Gasolina Y Gasoil.<\/strong><\/td>\n<\/tr>\n<tr style=\"height: 33px\">\n<td style=\"height: 33px;width: 40.8334%;text-align: center\" width=\"192\"><strong>Juan G\u00f3mez<\/strong><\/td>\n<td style=\"height: 33px;width: 16.9047%;text-align: center\" width=\"192\"><strong>11700070565<\/strong><\/td>\n<td style=\"height: 33px;width: 41.5476%;text-align: center\" width=\"192\"><strong>Compra De Materiales De Construcci\u00f3n.<\/strong><\/td>\n<\/tr>\n<tr style=\"height: 27px\">\n<td style=\"height: 27px;width: 40.8334%;text-align: center\" width=\"192\"><strong>Bricomp S.R.L.<\/strong><\/td>\n<td style=\"height: 27px;width: 16.9047%;text-align: center\" width=\"192\"><strong>130643407<\/strong><\/td>\n<td style=\"height: 27px;width: 41.5476%;text-align: center\" width=\"192\"><strong>Muebles De Oficinas.<\/strong><\/td>\n<\/tr>\n<tr style=\"height: 27px\">\n<td style=\"height: 27px;width: 40.8334%;text-align: center\" width=\"192\"><strong>Auto Repuesto Juan M. Reyes.<\/strong><\/td>\n<td style=\"height: 27px;width: 16.9047%;text-align: center\" width=\"192\"><strong>132200934<\/strong><\/td>\n<td style=\"height: 27px;width: 41.5476%;text-align: center\" width=\"192\"><strong>Compra De Repuestos.<\/strong><\/td>\n<\/tr>\n<tr style=\"height: 27px\">\n<td style=\"height: 27px;width: 40.8334%;text-align: center\" width=\"192\"><strong>Tienda Yoselin Regalado<\/strong><\/td>\n<td style=\"height: 27px;width: 16.9047%;text-align: center\" width=\"192\"><strong>11700039370<\/strong><\/td>\n<td style=\"height: 27px;width: 41.5476%;text-align: center\" width=\"192\"><strong>Compra Variadas.<\/strong><\/td>\n<\/tr>\n<tr style=\"height: 27px\">\n<td style=\"height: 27px;width: 40.8334%;text-align: center\" width=\"192\"><strong>Eduardo Ramos Mellas<\/strong><\/td>\n<td style=\"height: 27px;width: 16.9047%;text-align: center\" width=\"192\"><strong>11700024950<\/strong><\/td>\n<td style=\"height: 27px;width: 41.5476%;text-align: center\" width=\"192\"><strong>Llantas Y Neum\u00e1ticos.<\/strong><\/td>\n<\/tr>\n<tr style=\"height: 27px\">\n<td style=\"height: 27px;width: 40.8334%;text-align: center\" width=\"192\"><strong>Randy Valdez Est\u00e9vez WECOM.<\/strong><\/td>\n<td style=\"height: 27px;width: 16.9047%;text-align: center\" width=\"192\"><strong>131784862<\/strong><\/td>\n<td style=\"height: 27px;width: 41.5476%;text-align: center\" width=\"192\"><strong>Instalaci\u00f3n De Internet.<\/strong><\/td>\n<\/tr>\n<tr style=\"height: 10px\">\n<td style=\"height: 10px;width: 40.8334%;text-align: center\" width=\"192\"><strong>Ana Mercedes Tejada Colmado Cheita<\/strong><\/td>\n<td style=\"height: 10px;width: 16.9047%;text-align: center\" width=\"192\"><strong>11700007922<\/strong><\/td>\n<td style=\"height: 10px;width: 41.5476%;text-align: center\" width=\"192\"><strong>Alimentos y Bebidas.<\/strong><\/td>\n<\/tr>\n<tr style=\"height: 27px\">\n<td style=\"width: 40.8334%;height: 27px;text-align: center\"><strong>Domingo de Jes\u00fas Sosa<\/strong><\/td>\n<td style=\"width: 16.9047%;height: 27px;text-align: center\"><strong>11700055657<\/strong><\/td>\n<td style=\"width: 41.5476%;height: 27px;text-align: center\"><strong>Prensa y Publicidad<\/strong><\/td>\n<\/tr>\n<\/tbody>\n<\/table>\n","protected":false},"excerpt":{"rendered":"Lista De Proveedores de compra. Listado De Los Proveedor Compra De Nuestro Ayuntamiento. Repuesto El Guacho S.R.L. 1322200934 Repuestos Variados. Ferreter\u00eda G\u00f3mez Liquet S.R.L. 130176264 Materiales Ferreteros. Servi-Compu HC 132154861 Art\u00edculos De Oficinas. Funeraria Dominga R. Jorge. 11700018143 Servicios Funerarios. Distribuidora Pailiza S.R.L. 130490996 Gas GLP Agro Inversiones G\u00f3mez Liquet 130726035 Productos Qu\u00edmicos Cazador Auto&#8230;","protected":false},"author":2,"featured_media":0,"parent":0,"menu_order":0,"comment_status":"closed","ping_status":"closed","template":"","meta":[],"_links":{"self":[{"href":"https:\/\/ayuntamientolasmatasdesantacruz.gob.do\/transparencia\/wp-json\/wp\/v2\/pages\/335"}],"collection":[{"href":"https:\/\/ayuntamientolasmatasdesantacruz.gob.do\/transparencia\/wp-json\/wp\/v2\/pages"}],"about":[{"href":"https:\/\/ayuntamientolasmatasdesantacruz.gob.do\/transparencia\/wp-json\/wp\/v2\/types\/page"}],"author":[{"embeddable":true,"href":"https:\/\/ayuntamientolasmatasdesantacruz.gob.do\/transparencia\/wp-json\/wp\/v2\/users\/2"}],"replies":[{"embeddable":true,"href":"https:\/\/ayuntamientolasmatasdesantacruz.gob.do\/transparencia\/wp-json\/wp\/v2\/comments?post=335"}],"version-history":[{"count":4,"href":"https:\/\/ayuntamientolasmatasdesantacruz.gob.do\/transparencia\/wp-json\/wp\/v2\/pages\/335\/revisions"}],"predecessor-version":[{"id":1154,"href":"https:\/\/ayuntamientolasmatasdesantacruz.gob.do\/transparencia\/wp-json\/wp\/v2\/pages\/335\/revisions\/1154"}],"wp:attachment":[{"href":"https:\/\/ayuntamientolasmatasdesantacruz.gob.do\/transparencia\/wp-json\/wp\/v2\/media?parent=335"}],"curies":[{"name":"wp","href":"https:\/\/api.w.org\/{rel}","templated":true}]}}