{"id":339,"date":"2018-01-22T15:11:07","date_gmt":"2018-01-22T19:11:07","guid":{"rendered":"http:\/\/ayuntamiento.o\/transparencia\/?page_id=339"},"modified":"2024-07-24T11:22:21","modified_gmt":"2024-07-24T15:22:21","slug":"como-ser-proveedor","status":"publish","type":"page","link":"https:\/\/ayuntamientolasmatasdesantacruz.gob.do\/transparencia\/como-ser-proveedor\/","title":{"rendered":"\u00bfC\u00f3mo ser proveedor?"},"content":{"rendered":"<h3><strong>Los proveedores interesados en ofrecer bienes y servicios al Ayuntamiento Municipal Las Matas de Santa Cruz, deben cumplir con los siguientes requisitos:<\/strong><\/h3>\n<ol>\n<li>\n<h5>Contar con el Registro de Proveedores del Estado (RPE), seg\u00fan lo establecido en el portal\u00a0<a href=\"http:\/\/comprasdominicana.gov.do\/web\/guest\/portada\" target=\"_blank\" rel=\"noopener\">http:\/\/comprasdominicana.gov.do\/web\/guest\/portada<\/a>.<\/h5>\n<\/li>\n<li>\n<h5>Estar al d\u00eda en el pago de sus obligaciones fiscales.<\/h5>\n<\/li>\n<li>\n<h5>Depositar en el Departamento de Compras* un Portafolio de Negocios que incluya:<\/h5>\n<ol>\n<li>\n<h5>Descripci\u00f3n de la empresa<\/h5>\n<\/li>\n<li>\n<h5>Bienes y servicios ofrecidos<\/h5>\n<\/li>\n<li>\n<h5>Servicios de valor a\u00f1adido<\/h5>\n<\/li>\n<li>\n<h5>Experiencia en el mercado<\/h5>\n<\/li>\n<li>\n<h5>Referencias comerciales<\/h5>\n<\/li>\n<li>\n<h5>T\u00e9rminos de pago<\/h5>\n<\/li>\n<li>\n<h5>T\u00e9rminos de entrega<\/h5>\n<\/li>\n<\/ol>\n<\/li>\n<li>\n<h5>Participar de los procesos de las compras y contrataciones publicados a trav\u00e9s de este portal y la Direcci\u00f3n General de Contrataciones P\u00fablicas\u00a0<a href=\"http:\/\/comprasdominicana.gov.do\/web\/guest\/portada\" target=\"_blank\" rel=\"noopener\">http:\/\/comprasdominicana.gov.do\/web\/guest\/portada<\/a>\u00a0y en el portal de nuestra organizaci\u00f3n gubernamental en la secci\u00f3n de transparencia.<\/h5>\n<\/li>\n<\/ol>\n","protected":false},"excerpt":{"rendered":"Los proveedores interesados en ofrecer bienes y servicios al Ayuntamiento Municipal Las Matas de Santa Cruz, deben cumplir con los siguientes requisitos: Contar con el Registro de Proveedores del Estado (RPE), seg\u00fan lo establecido en el portal\u00a0http:\/\/comprasdominicana.gov.do\/web\/guest\/portada. Estar al d\u00eda en el pago de sus obligaciones fiscales. Depositar en el Departamento de Compras* un Portafolio&#8230;","protected":false},"author":2,"featured_media":0,"parent":0,"menu_order":0,"comment_status":"closed","ping_status":"closed","template":"","meta":[],"_links":{"self":[{"href":"https:\/\/ayuntamientolasmatasdesantacruz.gob.do\/transparencia\/wp-json\/wp\/v2\/pages\/339"}],"collection":[{"href":"https:\/\/ayuntamientolasmatasdesantacruz.gob.do\/transparencia\/wp-json\/wp\/v2\/pages"}],"about":[{"href":"https:\/\/ayuntamientolasmatasdesantacruz.gob.do\/transparencia\/wp-json\/wp\/v2\/types\/page"}],"author":[{"embeddable":true,"href":"https:\/\/ayuntamientolasmatasdesantacruz.gob.do\/transparencia\/wp-json\/wp\/v2\/users\/2"}],"replies":[{"embeddable":true,"href":"https:\/\/ayuntamientolasmatasdesantacruz.gob.do\/transparencia\/wp-json\/wp\/v2\/comments?post=339"}],"version-history":[{"count":3,"href":"https:\/\/ayuntamientolasmatasdesantacruz.gob.do\/transparencia\/wp-json\/wp\/v2\/pages\/339\/revisions"}],"predecessor-version":[{"id":1158,"href":"https:\/\/ayuntamientolasmatasdesantacruz.gob.do\/transparencia\/wp-json\/wp\/v2\/pages\/339\/revisions\/1158"}],"wp:attachment":[{"href":"https:\/\/ayuntamientolasmatasdesantacruz.gob.do\/transparencia\/wp-json\/wp\/v2\/media?parent=339"}],"curies":[{"name":"wp","href":"https:\/\/api.w.org\/{rel}","templated":true}]}}